{"id":117,"date":"2020-12-15T16:57:51","date_gmt":"2020-12-15T15:57:51","guid":{"rendered":"https:\/\/nostromo.fr\/Inea\/?page_id=117"},"modified":"2025-02-26T10:02:50","modified_gmt":"2025-02-26T09:02:50","slug":"young-energy","status":"publish","type":"page","link":"https:\/\/nostromo.fr\/Inea\/young-energy\/","title":{"rendered":"Young Energy"},"content":{"rendered":"<section class=\"block-inea-content  has_bg_img bg-parallax has-layer full-screen has-bottom-fixed single-content\" >\n            <div class=\"bg-img  \"  style=\"background-image: url(https:\/\/nostromo.fr\/Inea\/wp-content\/uploads\/2021\/01\/brooke-cagle-resize-2.jpg\"><\/div>\n                <div class=\"overlay d-flex align-items-center\">\n        <div class=\"container mb-5 mb-lg-0\">\n            <div class=\"row justify-content-center\">\n                <div class=\"col-lg-8 text-center\">\n                    <div class=\"parallax-content-wrapper\">\n                        <div class=\"title-wrapper\">\n                                                            <img decoding=\"async\" class=\"title-svg\" data-aos='fade-up' data-aos-duration='800' data-aos-easing='ease-in-out' src=\"https:\/\/nostromo.fr\/Inea\/wp-content\/uploads\/2020\/12\/young-energy.svg\" alt=\"young-energy\" title=\"young-energy\">\n                                                                                                            <\/div>\n                                                    <div class=\"content-wysiwyg text-white d-inline-block\" data-aos='fade-up' data-aos-duration='800'  data-aos-easing='ease-in-out' data-aos-delay='300'>\n                                <p>Une strat\u00e9gie forte et un positionnement dynamique,<br \/> reposant sur un triptyque puissant<\/p>\n                            <\/div>\n                                            <\/div>\n                <\/div>\n            <\/div>\n                                <\/div>\n                <div class=\"bottom-fixed\">\n                                        <div class=\"text-center\">\n                    <div class=\"icon-scroll\"><svg xmlns=\"http:\/\/www.w3.org\/2000\/svg\" width=\"17.828\" height=\"19.328\"><g fill=\"none\" stroke=\"#fff\" stroke-linecap=\"round\" stroke-width=\"2\"><path data-name=\"Trac\u00e9 82\" d=\"M1.414 10.414l7.5 7.5 7.5-7.5\"\/><path data-name=\"Trac\u00e9 83\" d=\"M1.414 1.414l7.5 7.5 7.5-7.5\"\/><\/g><\/svg><\/div>\n                <\/div>\n                    <\/div>\n            <\/div>\n    <\/section>\n\n<section class=\"block-inea-content  has_bg_img bg-parallax has-layer has-img-mobile full-screen has-bottom-fixed single-content\" >\n            <div class=\"bg-img default  d-none d-md-block\"  style=\"background-image: url(https:\/\/nostromo.fr\/Inea\/wp-content\/uploads\/2020\/12\/young-energy-patrimoine@2x-scaled.jpg\"><\/div>\n                        <div class=\"wrapper-mobile-parallax d-md-none\">\n            <img decoding=\"async\" class=\"m-0\" src=\"https:\/\/nostromo.fr\/Inea\/wp-content\/uploads\/2021\/01\/PHOTO-1.jpg\" alt=\"\" title=\"PHOTO-1\">\n        <\/div>\n            <div class=\"overlay d-flex align-items-center\">\n        <div class=\"container mb-5 mb-lg-0\">\n            <div class=\"row justify-content-center\">\n                <div class=\"col-lg-6 text-left\">\n                    <div class=\"parallax-content-wrapper\">\n                        <div class=\"title-wrapper\">\n                                                                                                                    <h2 class=\"title text-white\" data-aos='fade-up' data-aos-duration='800' data-aos-easing='ease-in-out'>68% du patrimoine neuf<\/h2>\n                                                    <\/div>\n                                                    <div class=\"content-wysiwyg text-white d-inline-block\" data-aos='fade-up' data-aos-duration='800'  data-aos-easing='ease-in-out' data-aos-delay='300'>\n                                <p>Qui dit immeuble neuf (- de 10 ans), dit immeuble jeune respectant les derni\u00e8res normes environnementales en vigueur, telles que la RT 2012 ou E+ C-, demain la RE 2020. 61% de nos actifs de bureaux acquis depuis 2010 sont RT 2012 ou \u00e9quivalent.<\/p>\n                            <\/div>\n                                            <\/div>\n                <\/div>\n            <\/div>\n                                <\/div>\n                <div class=\"bottom-fixed\">\n                            <div class=\"text-center\">\n                    <a class=\"btn-link d-inline-flex align-items-center justify-content-center\" href=\"https:\/\/nostromo.fr\/Inea\/green-building\/\">D\u00e9couvrir nos engagements<svg xmlns=\"http:\/\/www.w3.org\/2000\/svg\" width=\"22\" height=\"22\"><g transform=\"rotate(-90 11 6)\" fill=\"none\" stroke=\"#fff\" stroke-width=\"2\"><path data-name=\"Trac\u00e9 80\" d=\"M6 1.5v9\" stroke-linecap=\"round\"\/><path data-name=\"Trac\u00e9 81\" d=\"M3 7.5l3 3 3-3\" stroke-linecap=\"round\"\/><circle data-name=\"Ellipse 1\" cx=\"10\" cy=\"10\" r=\"10\" transform=\"rotate(180 8 8)\"\/><\/g><\/svg><\/a>\n                <\/div>\n                                        <div class=\"text-center\">\n                    <div class=\"icon-scroll\"><svg xmlns=\"http:\/\/www.w3.org\/2000\/svg\" width=\"17.828\" height=\"19.328\"><g fill=\"none\" stroke=\"#fff\" stroke-linecap=\"round\" stroke-width=\"2\"><path data-name=\"Trac\u00e9 82\" d=\"M1.414 10.414l7.5 7.5 7.5-7.5\"\/><path data-name=\"Trac\u00e9 83\" d=\"M1.414 1.414l7.5 7.5 7.5-7.5\"\/><\/g><\/svg><\/div>\n                <\/div>\n                    <\/div>\n            <\/div>\n    <\/section>\n\n<section class=\"block-inea-content  has_bg_img bg-parallax has-layer has-img-mobile full-screen has-bottom-fixed single-content\" >\n            <div class=\"bg-img default  d-none d-md-block\"  style=\"background-image: url(https:\/\/nostromo.fr\/Inea\/wp-content\/uploads\/2020\/12\/young-energy-metropoles@2x-scaled.jpg\"><\/div>\n                        <div class=\"wrapper-mobile-parallax d-md-none\">\n            <img decoding=\"async\" class=\"m-0\" src=\"https:\/\/nostromo.fr\/Inea\/wp-content\/uploads\/2021\/01\/PHOTO-2-1.jpg\" alt=\"\" title=\"PHOTO-2 (1)\">\n        <\/div>\n            <div class=\"overlay d-flex align-items-center\">\n        <div class=\"container mb-5 mb-lg-0\">\n            <div class=\"row justify-content-center\">\n                <div class=\"col-lg-6 text-left\">\n                    <div class=\"parallax-content-wrapper\">\n                        <div class=\"title-wrapper\">\n                                                                                                                    <h2 class=\"title text-white\" data-aos='fade-up' data-aos-duration='800' data-aos-easing='ease-in-out'>84% EN M\u00c9TROPOLES<br> R\u00c9GIONALES<\/h2>\n                                                    <\/div>\n                                                    <div class=\"content-wysiwyg text-white d-inline-block\" data-aos='fade-up' data-aos-duration='800'  data-aos-easing='ease-in-out' data-aos-delay='300'>\n                                <p>Aujourd\u2019hui, les grandes m\u00e9tropoles r\u00e9gionales portent le d\u00e9veloppement d\u00e9mographique, \u00e9conomique et culturel fran\u00e7ais. Elles sont attractives et s\u00e9duisent les jeunes cadres. Nous accompagnons sur le plan immobilier cette formidable expansion.<\/p>\n                            <\/div>\n                                            <\/div>\n                <\/div>\n            <\/div>\n                                <\/div>\n                <div class=\"bottom-fixed\">\n                            <div class=\"text-center\">\n                    <a class=\"btn-link d-inline-flex align-items-center justify-content-center\" href=\"https:\/\/nostromo.fr\/Inea\/actifs\/\">D\u00e9couvrir nos actifs<svg xmlns=\"http:\/\/www.w3.org\/2000\/svg\" width=\"22\" height=\"22\"><g transform=\"rotate(-90 11 6)\" fill=\"none\" stroke=\"#fff\" stroke-width=\"2\"><path data-name=\"Trac\u00e9 80\" d=\"M6 1.5v9\" stroke-linecap=\"round\"\/><path data-name=\"Trac\u00e9 81\" d=\"M3 7.5l3 3 3-3\" stroke-linecap=\"round\"\/><circle data-name=\"Ellipse 1\" cx=\"10\" cy=\"10\" r=\"10\" transform=\"rotate(180 8 8)\"\/><\/g><\/svg><\/a>\n                <\/div>\n                                        <div class=\"text-center\">\n                    <div class=\"icon-scroll\"><svg xmlns=\"http:\/\/www.w3.org\/2000\/svg\" width=\"17.828\" height=\"19.328\"><g fill=\"none\" stroke=\"#fff\" stroke-linecap=\"round\" stroke-width=\"2\"><path data-name=\"Trac\u00e9 82\" d=\"M1.414 10.414l7.5 7.5 7.5-7.5\"\/><path data-name=\"Trac\u00e9 83\" d=\"M1.414 1.414l7.5 7.5 7.5-7.5\"\/><\/g><\/svg><\/div>\n                <\/div>\n                    <\/div>\n            <\/div>\n    <\/section>\n\n<section class=\"block-inea-content  has_bg_img bg-parallax has-layer has-img-mobile full-screen has-bottom-fixed single-content\" >\n            <div class=\"bg-img default  d-none d-md-block\"  style=\"background-image: url(https:\/\/nostromo.fr\/Inea\/wp-content\/uploads\/2021\/01\/PHOTO-7.jpg\"><\/div>\n                        <div class=\"wrapper-mobile-parallax d-md-none\">\n            <img decoding=\"async\" class=\"m-0\" src=\"https:\/\/nostromo.fr\/Inea\/wp-content\/uploads\/2021\/01\/PHOTO-3-1.jpg\" alt=\"\" title=\"PHOTO-3 (1)\">\n        <\/div>\n            <div class=\"overlay d-flex align-items-center\">\n        <div class=\"container mb-5 mb-lg-0\">\n            <div class=\"row justify-content-center\">\n                <div class=\"col-lg-6 text-left\">\n                    <div class=\"parallax-content-wrapper\">\n                        <div class=\"title-wrapper\">\n                                                                                                                    <h2 class=\"title text-white\" data-aos='fade-up' data-aos-duration='800' data-aos-easing='ease-in-out'>100% en phase<br>\r\navec les tendances<\/h2>\n                                                    <\/div>\n                                                    <div class=\"content-wysiwyg text-white d-inline-block\" data-aos='fade-up' data-aos-duration='800'  data-aos-easing='ease-in-out' data-aos-delay='300'>\n                                <p>Plus que jamais, les modes de travail \u00e9voluent. Flex office, espaces modulables et digitalisation des services sont pl\u00e9biscit\u00e9s par les jeunes g\u00e9n\u00e9rations. Nos immeubles de bureaux r\u00e9pondent \u00e0 ces tendances soci\u00e9tales.<\/p>\n                            <\/div>\n                                            <\/div>\n                <\/div>\n            <\/div>\n                                <\/div>\n                <div class=\"bottom-fixed\">\n                            <div class=\"text-center\">\n                    <a class=\"btn-link d-inline-flex align-items-center justify-content-center\" href=\"https:\/\/nostromo.fr\/Inea\/ineapp\/\">D\u00e9couvrir nos services<svg xmlns=\"http:\/\/www.w3.org\/2000\/svg\" width=\"22\" height=\"22\"><g transform=\"rotate(-90 11 6)\" fill=\"none\" stroke=\"#fff\" stroke-width=\"2\"><path data-name=\"Trac\u00e9 80\" d=\"M6 1.5v9\" stroke-linecap=\"round\"\/><path data-name=\"Trac\u00e9 81\" d=\"M3 7.5l3 3 3-3\" stroke-linecap=\"round\"\/><circle data-name=\"Ellipse 1\" cx=\"10\" cy=\"10\" r=\"10\" transform=\"rotate(180 8 8)\"\/><\/g><\/svg><\/a>\n                <\/div>\n                                        <div class=\"text-center\">\n                    <div class=\"icon-scroll\"><svg xmlns=\"http:\/\/www.w3.org\/2000\/svg\" width=\"17.828\" height=\"19.328\"><g fill=\"none\" stroke=\"#fff\" stroke-linecap=\"round\" stroke-width=\"2\"><path data-name=\"Trac\u00e9 82\" d=\"M1.414 10.414l7.5 7.5 7.5-7.5\"\/><path data-name=\"Trac\u00e9 83\" d=\"M1.414 1.414l7.5 7.5 7.5-7.5\"\/><\/g><\/svg><\/div>\n                <\/div>\n                    <\/div>\n            <\/div>\n    <\/section>\n\n<section class=\"block-inea-team\">\n    <div class=\"title-wrapper\">\n        <div class=\"container\">\n            <div class=\"row\">\n                <div class=\"col-12\">\n                                            <h2 class=\"title text-blue\" data-aos='fade-up' data-aos-duration='800'  data-aos-easing='ease-in-out'>UNE \u00c9QUIPE D\u2019EXPERTS<\/h2>\n                                                               <div class=\"desc text-blue\" data-aos='fade-up' data-aos-duration='800'  data-aos-easing='ease-in-out' data-aos-delay=\"300\">D\u00e9couvrez l\u2019\u00e9quipe INEA, des professionnels de l\u2019immobilier aux convictions fortes et \u00e0 l\u2019agilit\u00e9 reconnue.<\/div>\n                                    <\/div>\n            <\/div>\n        <\/div>\n    <\/div>\n    <div class=\"img-full-wrapper\">\n        <img decoding=\"async\" class=\"img-shadow\" src=\"https:\/\/nostromo.fr\/Inea\/wp-content\/uploads\/2021\/02\/young-energy-team-original@2x-scaled.jpg\" title=\"young-energy-team-original@2x\" alt=\"\">\n        <img decoding=\"async\" class=\"img-parallax\" src=\"https:\/\/nostromo.fr\/Inea\/wp-content\/uploads\/2021\/02\/young-energy-team-original@2x-scaled.jpg\" title=\"young-energy-team-original@2x\" alt=\"\">\n        <div class=\"img-title-wrapper\">\n            <div class=\"container\">\n                <h3 class=\"img-title\" data-aos='fade-up' data-aos-duration='800'  data-aos-easing='ease-in-out'>Une \u00e9quipe qui dit ce qu\u2019elle fait et fait ce qu\u2019elle dit<\/h3>\n            <\/div>\n        <\/div>\n    <\/div>\n            <div class=\"team\">\n        <div class=\"container\">\n            <div class=\"row justify-content-center\">\n                                                                                            <div class=\"col-12 col-lg-4\">\n                        <div class=\"teammate\" data-aos=\"fade-up\" data-aos-duration=\"500\" data-aos-easing=\"ease-in-out\" data-aos-delay=\"200\">\n                            <img decoding=\"async\" src=\"https:\/\/nostromo.fr\/Inea\/wp-content\/uploads\/2022\/04\/INEA-philippe-rosio.jpg\" alt=\"\" title=\"INEA-philippe-rosio\">\n                            <div class=\"name text-blue\">Philippe ROSIO<\/div>\n                            <div class=\"job text-blue\">Pr\u00e9sident Directeur G\u00e9n\u00e9ral<\/div>\n                        <\/div>\n                    <\/div>\n                                                                                                            <div class=\"col-12 col-lg-4\">\n                        <div class=\"teammate\" data-aos=\"fade-up\" data-aos-duration=\"500\" data-aos-easing=\"ease-in-out\" data-aos-delay=\"400\">\n                            <img decoding=\"async\" src=\"https:\/\/nostromo.fr\/Inea\/wp-content\/uploads\/2022\/04\/INEA-arline-gaujal-kempler.jpg\" alt=\"\" title=\"INEA-arline-gaujal-kempler\">\n                            <div class=\"name text-blue\">Arline GAUJAL-KEMPLER<\/div>\n                            <div class=\"job text-blue\">Directrice g\u00e9n\u00e9rale d\u00e9l\u00e9gu\u00e9e<\/div>\n                        <\/div>\n                    <\/div>\n                                                                                                            <div class=\"col-12 col-lg-4\">\n                        <div class=\"teammate\" data-aos=\"fade-up\" data-aos-duration=\"500\" data-aos-easing=\"ease-in-out\" data-aos-delay=\"600\">\n                            <img decoding=\"async\" src=\"https:\/\/nostromo.fr\/Inea\/wp-content\/uploads\/2022\/04\/INEA-karine-dachary.jpg\" alt=\"\" title=\"INEA-karine-dachary\">\n                            <div class=\"name text-blue\">Karine DACHARY<\/div>\n                            <div class=\"job text-blue\">Directrice g\u00e9n\u00e9rale adjointe<\/div>\n                        <\/div>\n                    <\/div>\n                                                                                                            <div class=\"col-12 col-lg-4\">\n                        <div class=\"teammate\" data-aos=\"fade-up\" data-aos-duration=\"500\" data-aos-easing=\"ease-in-out\" data-aos-delay=\"200\">\n                            <img decoding=\"async\" src=\"https:\/\/nostromo.fr\/Inea\/wp-content\/uploads\/2021\/07\/KUCHARSKI-Mathieu-mathieu.kucharski@gmail.com-INEA_MPP0048.jpg\" alt=\"\" title=\"Mathieu Kucharski\">\n                            <div class=\"name text-blue\">Mathieu KUCHARSKI<\/div>\n                            <div class=\"job text-blue\">Directeur des investissements<\/div>\n                        <\/div>\n                    <\/div>\n                                                                                                            <div class=\"col-12 col-lg-4\">\n                        <div class=\"teammate\" data-aos=\"fade-up\" data-aos-duration=\"500\" data-aos-easing=\"ease-in-out\" data-aos-delay=\"400\">\n                            <img decoding=\"async\" src=\"https:\/\/nostromo.fr\/Inea\/wp-content\/uploads\/2022\/04\/INEA-axel-holmer.jpg\" alt=\"\" title=\"INEA-axel-holmer\">\n                            <div class=\"name text-blue\">Axel HOLMER<\/div>\n                            <div class=\"job text-blue\">Gestionnaire Technique<\/div>\n                        <\/div>\n                    <\/div>\n                                                                                                            <div class=\"col-12 col-lg-4\">\n                        <div class=\"teammate\" data-aos=\"fade-up\" data-aos-duration=\"500\" data-aos-easing=\"ease-in-out\" data-aos-delay=\"600\">\n                            <img decoding=\"async\" src=\"https:\/\/nostromo.fr\/Inea\/wp-content\/uploads\/2022\/04\/INEA-jean-antoine-monera.jpg\" alt=\"\" title=\"INEA-jean-antoine-monera\">\n                            <div class=\"name text-blue\">Jean-Antoine MONERA<\/div>\n                            <div class=\"job text-blue\">Senior Asset Manager<\/div>\n                        <\/div>\n                    <\/div>\n                                                                                                            <div class=\"col-12 col-lg-4\">\n                        <div class=\"teammate\" data-aos=\"fade-up\" data-aos-duration=\"500\" data-aos-easing=\"ease-in-out\" data-aos-delay=\"200\">\n                            <img decoding=\"async\" src=\"https:\/\/nostromo.fr\/Inea\/wp-content\/uploads\/2021\/07\/MATHIEU-Louise-l.mathieu@fonciere-inea.com-INEA_MPP9978.jpg\" alt=\"\" title=\"Louise Mathieu\">\n                            <div class=\"name text-blue\">Louise MATHIEU<\/div>\n                            <div class=\"job text-blue\">Directrice financi\u00e8re adjointe<\/div>\n                        <\/div>\n                    <\/div>\n                                                                                                            <div class=\"col-12 col-lg-4\">\n                        <div class=\"teammate\" data-aos=\"fade-up\" data-aos-duration=\"500\" data-aos-easing=\"ease-in-out\" data-aos-delay=\"400\">\n                            <img decoding=\"async\" src=\"https:\/\/nostromo.fr\/Inea\/wp-content\/uploads\/2022\/04\/Inea-Lila-Houhoune-2.jpg\" alt=\"\" title=\"Inea-Lila-Houhoune-2\">\n                            <div class=\"name text-blue\">Lila HOUHOUNE<\/div>\n                            <div class=\"job text-blue\">Analyste financier<\/div>\n                        <\/div>\n                    <\/div>\n                                                                                                            <div class=\"col-12 col-lg-4\">\n                        <div class=\"teammate\" data-aos=\"fade-up\" data-aos-duration=\"500\" data-aos-easing=\"ease-in-out\" data-aos-delay=\"600\">\n                            <img decoding=\"async\" src=\"https:\/\/nostromo.fr\/Inea\/wp-content\/uploads\/2024\/09\/INEA-Arthur-Sarrat.jpg\" alt=\"\" title=\"INEA-Arthur-Sarrat\">\n                            <div class=\"name text-blue\">Arthur SARRAT<\/div>\n                            <div class=\"job text-blue\">Asset Manager<\/div>\n                        <\/div>\n                    <\/div>\n                                                            <\/div>\n        <\/div>\n    <\/div>\n    <\/section>","protected":false},"excerpt":{"rendered":"","protected":false},"author":1,"featured_media":0,"parent":0,"menu_order":0,"comment_status":"closed","ping_status":"closed","template":"","meta":{"_acf_changed":false,"inline_featured_image":false,"footnotes":""},"class_list":["post-117","page","type-page","status-publish","hentry"],"acf":[],"_links":{"self":[{"href":"https:\/\/nostromo.fr\/Inea\/wp-json\/wp\/v2\/pages\/117","targetHints":{"allow":["GET"]}}],"collection":[{"href":"https:\/\/nostromo.fr\/Inea\/wp-json\/wp\/v2\/pages"}],"about":[{"href":"https:\/\/nostromo.fr\/Inea\/wp-json\/wp\/v2\/types\/page"}],"author":[{"embeddable":true,"href":"https:\/\/nostromo.fr\/Inea\/wp-json\/wp\/v2\/users\/1"}],"replies":[{"embeddable":true,"href":"https:\/\/nostromo.fr\/Inea\/wp-json\/wp\/v2\/comments?post=117"}],"version-history":[{"count":48,"href":"https:\/\/nostromo.fr\/Inea\/wp-json\/wp\/v2\/pages\/117\/revisions"}],"predecessor-version":[{"id":11445,"href":"https:\/\/nostromo.fr\/Inea\/wp-json\/wp\/v2\/pages\/117\/revisions\/11445"}],"wp:attachment":[{"href":"https:\/\/nostromo.fr\/Inea\/wp-json\/wp\/v2\/media?parent=117"}],"curies":[{"name":"wp","href":"https:\/\/api.w.org\/{rel}","templated":true}]}}