{"id":11717,"date":"2025-05-13T14:37:49","date_gmt":"2025-05-13T12:37:49","guid":{"rendered":"https:\/\/nostromo.fr\/Inea\/?page_id=11717"},"modified":"2025-05-15T15:11:54","modified_gmt":"2025-05-15T13:11:54","slug":"equipe","status":"publish","type":"page","link":"https:\/\/nostromo.fr\/Inea\/equipe\/","title":{"rendered":"\u00c9quipe"},"content":{"rendered":"<section class=\"block-inea-team\">\n    <div class=\"title-wrapper\">\n        <div class=\"container\">\n            <div class=\"row\">\n                <div class=\"col-12\">\n                                            <h2 class=\"title text-blue\" data-aos='fade-up' data-aos-duration='800'  data-aos-easing='ease-in-out'>UNE \u00c9QUIPE D\u2019EXPERTS<\/h2>\n                                                               <div class=\"desc text-blue\" data-aos='fade-up' data-aos-duration='800'  data-aos-easing='ease-in-out' data-aos-delay=\"300\">D\u00e9couvrez l\u2019\u00e9quipe INEA, des professionnels de l\u2019immobilier aux convictions fortes et \u00e0 l\u2019agilit\u00e9 reconnue.<\/div>\n                                    <\/div>\n            <\/div>\n        <\/div>\n    <\/div>\n    <div class=\"img-full-wrapper\">\n        <img decoding=\"async\" class=\"img-shadow\" src=\"\" title=\"\" alt=\"\">\n        <img decoding=\"async\" class=\"img-parallax\" src=\"\" title=\"\" alt=\"\">\n        <div class=\"img-title-wrapper\">\n            <div class=\"container\">\n                <h3 class=\"img-title\" data-aos='fade-up' data-aos-duration='800'  data-aos-easing='ease-in-out'>Une \u00e9quipe qui dit ce qu\u2019elle fait et fait ce qu\u2019elle dit<\/h3>\n            <\/div>\n        <\/div>\n    <\/div>\n            <div class=\"team\">\n        <div class=\"container\">\n            <div class=\"row justify-content-center\">\n                                                                                            <div class=\"col-12 col-lg-4\">\n                        <div class=\"teammate\" data-aos=\"fade-up\" data-aos-duration=\"500\" data-aos-easing=\"ease-in-out\" data-aos-delay=\"200\">\n                            <img decoding=\"async\" src=\"https:\/\/nostromo.fr\/Inea\/wp-content\/uploads\/2022\/04\/INEA-philippe-rosio.jpg\" alt=\"\" title=\"INEA-philippe-rosio\">\n                            <div class=\"name text-blue\">Philippe Rosio<\/div>\n                            <div class=\"job text-blue\">Pr\u00e9sident-Directeur G\u00e9n\u00e9ral<\/div>\n                        <\/div>\n                    <\/div>\n                                                                                                            <div class=\"col-12 col-lg-4\">\n                        <div class=\"teammate\" data-aos=\"fade-up\" data-aos-duration=\"500\" data-aos-easing=\"ease-in-out\" data-aos-delay=\"400\">\n                            <img decoding=\"async\" src=\"https:\/\/nostromo.fr\/Inea\/wp-content\/uploads\/2022\/04\/INEA-arline-gaujal-kempler.jpg\" alt=\"\" title=\"INEA-arline-gaujal-kempler\">\n                            <div class=\"name text-blue\">Arline Gaujal-Kempler<\/div>\n                            <div class=\"job text-blue\">Directrice g\u00e9n\u00e9rale d\u00e9l\u00e9gu\u00e9e<\/div>\n                        <\/div>\n                    <\/div>\n                                                                                                            <div class=\"col-12 col-lg-4\">\n                        <div class=\"teammate\" data-aos=\"fade-up\" data-aos-duration=\"500\" data-aos-easing=\"ease-in-out\" data-aos-delay=\"600\">\n                            <img decoding=\"async\" src=\"https:\/\/nostromo.fr\/Inea\/wp-content\/uploads\/2022\/04\/INEA-karine-dachary.jpg\" alt=\"\" title=\"INEA-karine-dachary\">\n                            <div class=\"name text-blue\">Karine Dachary<\/div>\n                            <div class=\"job text-blue\">Directrice g\u00e9n\u00e9rale adjointe<\/div>\n                        <\/div>\n                    <\/div>\n                                                                                                            <div class=\"col-12 col-lg-4\">\n                        <div class=\"teammate\" data-aos=\"fade-up\" data-aos-duration=\"500\" data-aos-easing=\"ease-in-out\" data-aos-delay=\"200\">\n                            <img decoding=\"async\" src=\"https:\/\/nostromo.fr\/Inea\/wp-content\/uploads\/2021\/07\/KUCHARSKI-Mathieu-mathieu.kucharski@gmail.com-INEA_MPP0048.jpg\" alt=\"\" title=\"Mathieu Kucharski\">\n                            <div class=\"name text-blue\">Mathieu Kucharski<\/div>\n                            <div class=\"job text-blue\">Directeur des investissements<\/div>\n                        <\/div>\n                    <\/div>\n                                                                                                            <div class=\"col-12 col-lg-4\">\n                        <div class=\"teammate\" data-aos=\"fade-up\" data-aos-duration=\"500\" data-aos-easing=\"ease-in-out\" data-aos-delay=\"400\">\n                            <img decoding=\"async\" src=\"https:\/\/nostromo.fr\/Inea\/wp-content\/uploads\/2022\/04\/INEA-axel-holmer.jpg\" alt=\"\" title=\"INEA-axel-holmer\">\n                            <div class=\"name text-blue\">Axel Holmer<\/div>\n                            <div class=\"job text-blue\">Gestionnaire Technique<\/div>\n                        <\/div>\n                    <\/div>\n                                                                                                            <div class=\"col-12 col-lg-4\">\n                        <div class=\"teammate\" data-aos=\"fade-up\" data-aos-duration=\"500\" data-aos-easing=\"ease-in-out\" data-aos-delay=\"600\">\n                            <img decoding=\"async\" src=\"https:\/\/nostromo.fr\/Inea\/wp-content\/uploads\/2022\/04\/INEA-jean-antoine-monera.jpg\" alt=\"\" title=\"INEA-jean-antoine-monera\">\n                            <div class=\"name text-blue\">Jean-Antoine Monera<\/div>\n                            <div class=\"job text-blue\">Senior Asset Manager<\/div>\n                        <\/div>\n                    <\/div>\n                                                                                                            <div class=\"col-12 col-lg-4\">\n                        <div class=\"teammate\" data-aos=\"fade-up\" data-aos-duration=\"500\" data-aos-easing=\"ease-in-out\" data-aos-delay=\"200\">\n                            <img decoding=\"async\" src=\"https:\/\/nostromo.fr\/Inea\/wp-content\/uploads\/2021\/07\/MATHIEU-Louise-l.mathieu@fonciere-inea.com-INEA_MPP9978.jpg\" alt=\"\" title=\"Louise Mathieu\">\n                            <div class=\"name text-blue\">Louise Mathieu<\/div>\n                            <div class=\"job text-blue\">Directrice financi\u00e8re adjointe<\/div>\n                        <\/div>\n                    <\/div>\n                                                                                                            <div class=\"col-12 col-lg-4\">\n                        <div class=\"teammate\" data-aos=\"fade-up\" data-aos-duration=\"500\" data-aos-easing=\"ease-in-out\" data-aos-delay=\"400\">\n                            <img decoding=\"async\" src=\"https:\/\/nostromo.fr\/Inea\/wp-content\/uploads\/2022\/04\/Inea-Lila-Houhoune-2.jpg\" alt=\"\" title=\"Inea-Lila-Houhoune-2\">\n                            <div class=\"name text-blue\">Lila Houhoune<\/div>\n                            <div class=\"job text-blue\">Analyste financier<\/div>\n                        <\/div>\n                    <\/div>\n                                                                                                            <div class=\"col-12 col-lg-4\">\n                        <div class=\"teammate\" data-aos=\"fade-up\" data-aos-duration=\"500\" data-aos-easing=\"ease-in-out\" data-aos-delay=\"600\">\n                            <img decoding=\"async\" src=\"https:\/\/nostromo.fr\/Inea\/wp-content\/uploads\/2024\/09\/INEA-Arthur-Sarrat.jpg\" alt=\"\" title=\"INEA-Arthur-Sarrat\">\n                            <div class=\"name text-blue\">Arthur Sarrat<\/div>\n                            <div class=\"job text-blue\">Asset Manager<\/div>\n                        <\/div>\n                    <\/div>\n                                                            <\/div>\n        <\/div>\n    <\/div>\n    <\/section>","protected":false},"excerpt":{"rendered":"","protected":false},"author":3,"featured_media":0,"parent":0,"menu_order":0,"comment_status":"closed","ping_status":"closed","template":"","meta":{"_acf_changed":false,"inline_featured_image":false,"footnotes":""},"class_list":["post-11717","page","type-page","status-publish","hentry"],"acf":[],"_links":{"self":[{"href":"https:\/\/nostromo.fr\/Inea\/wp-json\/wp\/v2\/pages\/11717","targetHints":{"allow":["GET"]}}],"collection":[{"href":"https:\/\/nostromo.fr\/Inea\/wp-json\/wp\/v2\/pages"}],"about":[{"href":"https:\/\/nostromo.fr\/Inea\/wp-json\/wp\/v2\/types\/page"}],"author":[{"embeddable":true,"href":"https:\/\/nostromo.fr\/Inea\/wp-json\/wp\/v2\/users\/3"}],"replies":[{"embeddable":true,"href":"https:\/\/nostromo.fr\/Inea\/wp-json\/wp\/v2\/comments?post=11717"}],"version-history":[{"count":4,"href":"https:\/\/nostromo.fr\/Inea\/wp-json\/wp\/v2\/pages\/11717\/revisions"}],"predecessor-version":[{"id":11842,"href":"https:\/\/nostromo.fr\/Inea\/wp-json\/wp\/v2\/pages\/11717\/revisions\/11842"}],"wp:attachment":[{"href":"https:\/\/nostromo.fr\/Inea\/wp-json\/wp\/v2\/media?parent=11717"}],"curies":[{"name":"wp","href":"https:\/\/api.w.org\/{rel}","templated":true}]}}