{"id":6,"date":"2020-12-09T15:14:48","date_gmt":"2020-12-09T14:14:48","guid":{"rendered":"https:\/\/nostromo.fr\/Inea\/?page_id=6"},"modified":"2025-05-15T16:16:48","modified_gmt":"2025-05-15T14:16:48","slug":"home","status":"publish","type":"page","link":"https:\/\/nostromo.fr\/Inea\/","title":{"rendered":"Home"},"content":{"rendered":"<section class=\"block-inea-content  has_bg_img bg-fixed has-layer full-screen has-bottom-fixed single-content\" >\n            <div class=\"bg-img default \"  style=\"background-image: url(https:\/\/nostromo.fr\/Inea\/wp-content\/uploads\/2025\/05\/2025-iStock-1491279627.jpg\"><\/div>\n                <div class=\"overlay d-flex align-items-center\">\n        <div class=\"container mb-5 mb-lg-0\">\n            <div class=\"row justify-content-center\">\n                <div class=\"col-lg-12 text-center\">\n                    <div class=\"parallax-content-wrapper\">\n                        <div class=\"title-wrapper\">\n                                                                                                            <\/div>\n                                                    <div class=\"content-wysiwyg text-white d-inline-block\" data-aos='fade-up' data-aos-duration='800'  data-aos-easing='ease-in-out' data-aos-delay='300'>\n                                <div class=\"title-wrapper\">\n<h1 class=\"title text-white aos-init aos-animate jm2025-h1-title\" data-aos=\"fade-up\" data-aos-duration=\"800\" data-aos-easing=\"ease-in-out\"><span class=\"jm2025-titresmall\">Acteur majeur de <br \/>l&rsquo;<\/span>investissement<span class=\"jm2025-titresmall\"> <br \/>en <\/span>r\u00e9gions<\/h1>\n<\/div>\n<div class=\"text-center\">\n<a class=\"btn-link d-inline-flex align-items-center justify-content-center\" href=\"https:\/\/nostromo.fr\/Inea\/regions\/\">En savoir plus<svg xmlns=\"http:\/\/www.w3.org\/2000\/svg\" width=\"22\" height=\"22\"><g transform=\"rotate(-90 11 6)\" fill=\"none\" stroke=\"#fff\" stroke-width=\"2\"><path data-name=\"Trac\u00e9 80\" d=\"M6 1.5v9\" stroke-linecap=\"round\"><\/path><path data-name=\"Trac\u00e9 81\" d=\"M3 7.5l3 3 3-3\" stroke-linecap=\"round\"><\/path><circle data-name=\"Ellipse 1\" cx=\"10\" cy=\"10\" r=\"10\" transform=\"rotate(180 8 8)\"><\/circle><\/g><\/svg><\/a>\n<\/div>\n<div class=\"text-center\">\n<p class=\"jm2025-home-esper\">&#038;<\/p>\n<\/div>\n<div class=\"title-wrapper\" style=\"padding-bottom:12px;\">\n<h1 class=\"title text-white aos-init aos-animate jm2025-h1-title\" data-aos=\"fade-up\" data-aos-duration=\"800\" data-aos-easing=\"ease-in-out\"><span class=\"jm2025-titresmall\">leader du <br \/><\/span>green building<\/h1>\n<\/div>\n<div class=\"text-center\">\n<a class=\"btn-link d-inline-flex align-items-center justify-content-center\" href=\"https:\/\/nostromo.fr\/Inea\/green-building\/\">En savoir plus<svg xmlns=\"http:\/\/www.w3.org\/2000\/svg\" width=\"22\" height=\"22\"><g transform=\"rotate(-90 11 6)\" fill=\"none\" stroke=\"#fff\" stroke-width=\"2\"><path data-name=\"Trac\u00e9 80\" d=\"M6 1.5v9\" stroke-linecap=\"round\"><\/path><path data-name=\"Trac\u00e9 81\" d=\"M3 7.5l3 3 3-3\" stroke-linecap=\"round\"><\/path><circle data-name=\"Ellipse 1\" cx=\"10\" cy=\"10\" r=\"10\" transform=\"rotate(180 8 8)\"><\/circle><\/g><\/svg><\/a>\n<\/div>\n                            <\/div>\n                                            <\/div>\n                <\/div>\n            <\/div>\n                                <\/div>\n                <div class=\"bottom-fixed\">\n                                        <div class=\"text-center\">\n                    <div class=\"icon-scroll\"><svg xmlns=\"http:\/\/www.w3.org\/2000\/svg\" width=\"17.828\" height=\"19.328\"><g fill=\"none\" stroke=\"#fff\" stroke-linecap=\"round\" stroke-width=\"2\"><path data-name=\"Trac\u00e9 82\" d=\"M1.414 10.414l7.5 7.5 7.5-7.5\"\/><path data-name=\"Trac\u00e9 83\" d=\"M1.414 1.414l7.5 7.5 7.5-7.5\"\/><\/g><\/svg><\/div>\n                <\/div>\n                    <\/div>\n            <\/div>\n    <\/section>\n\n<section class=\"block-inea-content  has_bg_img bg-parallax has-layer full-screen has-bottom-fixed single-content\" >\n            <div class=\"bg-img default \"  style=\"background-image: url(https:\/\/nostromo.fr\/Inea\/wp-content\/uploads\/2025\/05\/2025-InSitu-051.jpg\"><\/div>\n                <div class=\"overlay d-flex align-items-center\">\n        <div class=\"container mb-5 mb-lg-0\">\n            <div class=\"row justify-content-start\">\n                <div class=\"col-lg-8 text-left\">\n                    <div class=\"parallax-content-wrapper\">\n                        <div class=\"title-wrapper\">\n                                                                                                                    <h2 class=\"title text-white\" data-aos='fade-up' data-aos-duration='800' data-aos-easing='ease-in-out'>Convertir l&rsquo;immobilier durable en levier de croissance pour les r\u00e9gions<\/h2>\n                                                    <\/div>\n                                                    <div class=\"content-wysiwyg text-white d-inline-block\" data-aos='fade-up' data-aos-duration='800'  data-aos-easing='ease-in-out' data-aos-delay='300'>\n                                <p>Depuis pr\u00e8s de 20 ans, INEA mise sur les r\u00e9gions, en y d\u00e9ployant un immobilier tertiaire de haute qualit\u00e9. Un positionnement pionnier \u00e0 sa cr\u00e9ation, qui en fait aujourd\u2019hui LA fonci\u00e8re cot\u00e9e sp\u00e9cialiste de l\u2019immobilier d\u2019entreprise durable en r\u00e9gions. <\/p>\n<div class=\"text-left\">\n<a class=\"btn-link d-inline-flex align-items-center justify-content-center\" href=\"https:\/\/nostromo.fr\/Inea\/regions\/\">En savoir plus<svg xmlns=\"https:\/\/www.w3.org\/2000\/svg\" width=\"22\" height=\"22\"><g transform=\"rotate(-90 11 6)\" fill=\"none\" stroke=\"#fff\" stroke-width=\"2\"><path data-name=\"Trac\u00e9 80\" d=\"M6 1.5v9\" stroke-linecap=\"round\"><\/path><path data-name=\"Trac\u00e9 81\" d=\"M3 7.5l3 3 3-3\" stroke-linecap=\"round\"><\/path><circle data-name=\"Ellipse 1\" cx=\"10\" cy=\"10\" r=\"10\" transform=\"rotate(180 8 8)\"><\/circle><\/g><\/svg><\/a>\n<\/div>\n<hr class=\"jm2025-hrnoborder\"\/>\nAnim\u00e9s de convictions fortes, les dirigeants-fondateurs d\u2019INEA sont des professionnels exp\u00e9riment\u00e9s de l\u2019immobilier tertiaire. Ils ont r\u00e9uni autour d\u2019eux une \u00e9quipe resserr\u00e9e et agile, marqu\u00e9e par un esprit entrepreneurial.<\/p>\n<div class=\"text-left\">\n<a class=\"btn-link d-inline-flex align-items-center justify-content-center\" href=\"https:\/\/nostromo.fr\/Inea\/equipe\/\">D\u00e9couvrir l&rsquo;\u00e9quipe<svg xmlns=\"http:\/\/www.w3.org\/2000\/svg\" width=\"22\" height=\"22\"><g transform=\"rotate(-90 11 6)\" fill=\"none\" stroke=\"#fff\" stroke-width=\"2\"><path data-name=\"Trac\u00e9 80\" d=\"M6 1.5v9\" stroke-linecap=\"round\"><\/path><path data-name=\"Trac\u00e9 81\" d=\"M3 7.5l3 3 3-3\" stroke-linecap=\"round\"><\/path><circle data-name=\"Ellipse 1\" cx=\"10\" cy=\"10\" r=\"10\" transform=\"rotate(180 8 8)\"><\/circle><\/g><\/svg><\/a>\n<\/div>\n                            <\/div>\n                                            <\/div>\n                <\/div>\n            <\/div>\n                                <\/div>\n                <div class=\"bottom-fixed\">\n                                        <div class=\"text-center\">\n                    <div class=\"icon-scroll\"><svg xmlns=\"http:\/\/www.w3.org\/2000\/svg\" width=\"17.828\" height=\"19.328\"><g fill=\"none\" stroke=\"#fff\" stroke-linecap=\"round\" stroke-width=\"2\"><path data-name=\"Trac\u00e9 82\" d=\"M1.414 10.414l7.5 7.5 7.5-7.5\"\/><path data-name=\"Trac\u00e9 83\" d=\"M1.414 1.414l7.5 7.5 7.5-7.5\"\/><\/g><\/svg><\/div>\n                <\/div>\n                    <\/div>\n            <\/div>\n    <\/section>\n\n<section class=\"block-inea-content jm2025-bloc-2columns jm2025-bloc-withcolumns jm2025-backgroundcover has_bg_img bg-parallax has-layer full-screen has-bottom-fixed single-content\" >\n            <div class=\"bg-img default \"  style=\"background-image: url(https:\/\/nostromo.fr\/Inea\/wp-content\/uploads\/2025\/05\/2025-Lyon-sunway-5.jpg\"><\/div>\n                <div class=\"overlay d-flex align-items-center\">\n        <div class=\"container mb-5 mb-lg-0\">\n            <div class=\"row justify-content-start\">\n                <div class=\"col-lg-12 text-left\">\n                    <div class=\"parallax-content-wrapper\">\n                        <div class=\"title-wrapper\">\n                                                                                                            <\/div>\n                                            <\/div>\n                <\/div>\n            <\/div>\n                            <div class=\"row justify-content-center content-columns mobile-column\">\n                    <div class=\"col-lg-12\">\n                        <div class=\"row justify-content-center\">\n                                                                                        <div class=\"col-9 col-lg-4 mb-3 mb-lg-0 elem-column\" data-aos=\"fade-up\" data-aos-duration=\"600\" data-aos-easing=\"ease-in-out\" data-aos-delay=\"800\" data-aos-anchor=\"\" data-aos-anchor-placement=\"top\">\n                                                                                                                <div class=\"content text-white\"><div class=\"title-wrapper\">\r\n<h2 class=\"title text-white aos-init aos-animate jm2025-wide-title\" data-aos=\"fade-up\" data-aos-duration=\"800\" data-aos-easing=\"ease-in-out\">Un patrimoine construit pour r\u00e9pondre aux enjeux actuels<\/h2>\r\n<\/div>\r\nAdaptation aux changements climatiques et ad\u00e9quation des immeubles aux nouveaux modes d\u2019organisation du travail sont les deux enjeux majeurs de l\u2019immobilier. Notre patrimoine r\u00e9pond \u00e0 cette double injonction.\r\n<p><\/p>\r\n<div class=\"text-left\">\r\n<a class=\"btn-link d-inline-flex align-items-center justify-content-center\" href=\"https:\/\/nostromo.fr\/Inea\/green-building\">D\u00e9couvrir nos performances en mati\u00e8re d&rsquo;immobilier durable<svg xmlns=\"http:\/\/www.w3.org\/2000\/svg\" width=\"22\" height=\"22\"><g transform=\"rotate(-90 11 6)\" fill=\"none\" stroke=\"#fff\" stroke-width=\"2\"><path data-name=\"Trac\u00e9 80\" d=\"M6 1.5v9\" stroke-linecap=\"round\"><\/path><path data-name=\"Trac\u00e9 81\" d=\"M3 7.5l3 3 3-3\" stroke-linecap=\"round\"><\/path><circle data-name=\"Ellipse 1\" cx=\"10\" cy=\"10\" r=\"10\" transform=\"rotate(180 8 8)\"><\/circle><\/g><\/svg><\/a>\r\n<\/div><\/div>\n                                                                    <\/div>\n                                                                                            <div class=\"col-9 col-lg-4 mb-3 mb-lg-0 elem-column\" data-aos=\"fade-up\" data-aos-duration=\"600\" data-aos-easing=\"ease-in-out\" data-aos-delay=\"1000\" data-aos-anchor=\"\" data-aos-anchor-placement=\"top\">\n                                                                            <div class=\"title text-white\">8 ans<\/div>\n                                                                                                                <div class=\"content text-white\">L&rsquo;\u00e2ge moyen du parc d&rsquo;INEA.<\/div>\n                                                                    <\/div>\n                                                                                    <\/div>\n                    <\/div>\n                <\/div>\n                                <\/div>\n                <div class=\"bottom-fixed\">\n                                        <div class=\"text-center\">\n                    <div class=\"icon-scroll\"><svg xmlns=\"http:\/\/www.w3.org\/2000\/svg\" width=\"17.828\" height=\"19.328\"><g fill=\"none\" stroke=\"#fff\" stroke-linecap=\"round\" stroke-width=\"2\"><path data-name=\"Trac\u00e9 82\" d=\"M1.414 10.414l7.5 7.5 7.5-7.5\"\/><path data-name=\"Trac\u00e9 83\" d=\"M1.414 1.414l7.5 7.5 7.5-7.5\"\/><\/g><\/svg><\/div>\n                <\/div>\n                    <\/div>\n            <\/div>\n    <\/section>\n\n    <section class=\"block-inea-slider-actifs\">\n        <div class=\"title-wrapper\">\n            <div class=\"container\">\n                <div class=\"row\">\n                    <div class=\"col-12 text-center\">\n                                                    <h2 class=\"title text-blue\">Un parc de jeunes actifs dynamiques<\/h2>\n                                                                            <a href=\"https:\/\/nostromo.fr\/Inea\/actifs\/\" class=\"btn-link green d-inline-flex align-items-center\">\n                                D\u00e9couvrir tous les actifs                                <svg xmlns=\"http:\/\/www.w3.org\/2000\/svg\" width=\"22\" height=\"22\"><g transform=\"rotate(-90 11 10)\" fill=\"none\" stroke=\"#a39b1e\" stroke-width=\"2\"><path data-name=\"Trac\u00e9 80\" d=\"M10.12 5.5v9\" stroke-linecap=\"round\"\/><path data-name=\"Trac\u00e9 81\" d=\"M7.12 11.5l3 3 3-3\" stroke-linecap=\"round\"\/><circle data-name=\"Ellipse 1\" cx=\"10\" cy=\"10\" r=\"10\" transform=\"rotate(180 10 10)\"\/><\/g><\/svg>\n                            <\/a>\n                                            <\/div>\n                <\/div>\n            <\/div>\n        <\/div>\n                            <div class=\"slide-actifs\">\n                <div class=\"swiper-container\">\n                    <div class=\"swiper-wrapper\">\n                                                    <div class=\"swiper-slide\">\n                                                                <a href=\"https:\/\/nostromo.fr\/Inea\/actifs\/atravaia\/\" class=\"slide-actif\" style=\"background-image:url(https:\/\/nostromo.fr\/Inea\/wp-content\/uploads\/2025\/03\/inea-actif-atravaia-2.jpg);\" data-image-desktop=\"\">\n                                    <div class=\"overlay\">\n                                        <div class=\"content-wrapper\"> \n                                            <div class=\"title\">Atravaia<\/div>\n                                            <div class=\"subtitle\">Aix-en-Provence<\/div>\n                                        <\/div>\n                                    <\/div>\n                                <\/a>\n                            <\/div>\n                                                    <div class=\"swiper-slide\">\n                                                                <a href=\"https:\/\/nostromo.fr\/Inea\/actifs\/cyber-place\/\" class=\"slide-actif\" style=\"background-image:url(https:\/\/nostromo.fr\/Inea\/wp-content\/uploads\/2023\/11\/WEB-Cesson-Sevigne-CYBERPLACE-22-novembre-2023-Dimitri-LAMOUR-_DS24728-24728.jpg);\" data-image-desktop=\"\">\n                                    <div class=\"overlay\">\n                                        <div class=\"content-wrapper\"> \n                                            <div class=\"title\">Cyberplace<\/div>\n                                            <div class=\"subtitle\">Rennes<\/div>\n                                        <\/div>\n                                    <\/div>\n                                <\/a>\n                            <\/div>\n                                                    <div class=\"swiper-slide\">\n                                                                <a href=\"https:\/\/nostromo.fr\/Inea\/actifs\/arko\/\" class=\"slide-actif\" style=\"background-image:url(https:\/\/nostromo.fr\/Inea\/wp-content\/uploads\/2023\/11\/INEA-Arko-1.jpg);\" data-image-desktop=\"\">\n                                    <div class=\"overlay\">\n                                        <div class=\"content-wrapper\"> \n                                            <div class=\"title\">Arko<\/div>\n                                            <div class=\"subtitle\">Bordeaux<\/div>\n                                        <\/div>\n                                    <\/div>\n                                <\/a>\n                            <\/div>\n                                            <\/div>\n                <\/div>\n            <\/div>\n            <\/section>\n\n\n<section class=\"block-inea-content jm2025-newsletter-home has_bg_img bg-parallax has-layer   single-content\" >\n            <div class=\"bg-img default \"  style=\"background-image: url(https:\/\/nostromo.fr\/Inea\/wp-content\/uploads\/2025\/05\/2025-Lille-Union-5.jpg\"><\/div>\n                <div class=\"overlay d-flex align-items-center\">\n        <div class=\"container mb-5 mb-lg-0\">\n            <div class=\"row justify-content-start\">\n                <div class=\"col-lg-8 text-left\">\n                    <div class=\"parallax-content-wrapper\">\n                        <div class=\"title-wrapper\">\n                                                                                                                    <h2 class=\"title text-white\" data-aos='fade-up' data-aos-duration='800' data-aos-easing='ease-in-out'>Restez connect\u00e9(e) et suivez l&rsquo;actualit\u00e9 de l&rsquo;immobilier durable en r\u00e9gions<\/h2>\n                                                    <\/div>\n                                                    <div class=\"content-wysiwyg text-white d-inline-block\" data-aos='fade-up' data-aos-duration='800'  data-aos-easing='ease-in-out' data-aos-delay='300'>\n                                <div style=\"margin-top:50px;\">\n<script>(function() {\n\twindow.mc4wp = window.mc4wp || {\n\t\tlisteners: [],\n\t\tforms: {\n\t\t\ton: function(evt, cb) {\n\t\t\t\twindow.mc4wp.listeners.push(\n\t\t\t\t\t{\n\t\t\t\t\t\tevent   : evt,\n\t\t\t\t\t\tcallback: cb\n\t\t\t\t\t}\n\t\t\t\t);\n\t\t\t}\n\t\t}\n\t}\n})();\n<\/script><!-- Mailchimp for WordPress v4.12.1 - https:\/\/wordpress.org\/plugins\/mailchimp-for-wp\/ --><form id=\"mc4wp-form-1\" class=\"mc4wp-form mc4wp-form-7443\" method=\"post\" data-id=\"7443\" data-name=\"Inscription Newsletter Footer\" ><div class=\"mc4wp-form-fields\"><div class=\"newsletter_form\" style=\"display: inline-block; position: relative;\">\r\n  <input type=\"email\" name=\"EMAIL\" placeholder=\"Votre adresse mail\" required style=\"border: none; border-radius: 0; height: 30px; font-family: 'Montserrat-Semibold', sans-serif;\" \/>\r\n  <button type=\"submit\" style=\"height: 30px; border: none; position: absolute; top: 0; right: 0px;\"><svg xmlns=\"http:\/\/www.w3.org\/2000\/svg\" width=\"11.414\" height=\"8.828\"><g fill=\"none\" stroke-linecap=\"round\" stroke-width=\"2\"><path data-name=\"Trac\u00e9 80\" d=\"M1 4.414h9\"\/><path data-name=\"Trac\u00e9 81\" d=\"M7 7.414l3-3-3-3\"\/><\/g><\/svg><\/button>\r\n<p>\r\n    <label style=\"margin-top:5px;\">\r\n        <input name=\"AGREE_TO_TERMS\" type=\"checkbox\" value=\"1\" required=\"\"> <a href=\"https:\/\/nostromo.fr\/Inea\/confidentialite\/\" target=\"_blank\" style=\"color:#ffffff;\">J&rsquo;ai lu et accepte les termes et les conditions<\/a>\r\n    <\/label>\r\n<\/p>\r\n<\/div><\/div><label style=\"display: none !important;\">Laissez ce champ vide si vous \u00eates humain\u00a0: <input type=\"text\" name=\"_mc4wp_honeypot\" value=\"\" tabindex=\"-1\" autocomplete=\"off\" \/><\/label><input type=\"hidden\" name=\"_mc4wp_timestamp\" value=\"1775409573\" \/><input type=\"hidden\" name=\"_mc4wp_form_id\" value=\"7443\" \/><input type=\"hidden\" name=\"_mc4wp_form_element_id\" value=\"mc4wp-form-1\" \/><div class=\"mc4wp-response\"><\/div><\/form><!-- \/ Mailchimp for WordPress Plugin -->\n<\/div>\n<p><a class=\"linkedin d-flex justify-content-start align-items-center\" href=\"https:\/\/fr.linkedin.com\/company\/fonciere-inea\" target=\"_blank\"><svg xmlns=\"http:\/\/www.w3.org\/2000\/svg\" width=\"24\" height=\"24\"><path data-name=\"Rectangle 9\" fill=\"none\" d=\"M0 0h24v24H0z\"><\/path><g data-name=\"Groupe 11\" fill=\"#fff\" fill-rule=\"evenodd\"><path data-name=\"Trac\u00e9 84\" d=\"M1.971.053a2.365 2.365 0 00-1.6 1.118 2.464 2.464 0 011.6-1.118z\"><\/path><path data-name=\"Trac\u00e9 85\" d=\"M21.541.006c.088 0 .171.006.259.012A2.467 2.467 0 0124 2.471v19.058A2.47 2.47 0 0121.529 24H2.471a2.48 2.48 0 01-2.147-1.241 3.489 3.489 0 01-.253-.635A2.453 2.453 0 010 21.529V2.471a2.745 2.745 0 01.041-.447c.006-.018.018-.029.018-.041a2.741 2.741 0 01.312-.812 2.464 2.464 0 011.6-1.118.045.045 0 01.023-.006c.024-.006.041-.006.065-.012A2.612 2.612 0 012.494 0q9.521 0 19.047.006zM5.418 7.553a2.156 2.156 0 112.153-2.159 2.156 2.156 0 01-2.153 2.159zm11.4 12.829h3.588a1.1 1.1 0 01.018-.153v-6.7a3.665 3.665 0 00-.294-1.482 4.131 4.131 0 00-3.488-2.653 3.606 3.606 0 00-3.236 1.406c-.047.053-.088.112-.135.165l-.053-.018V9.618H9.647v10.764h3.582v-6.111c0-.153.006-.3.018-.447a1.806 1.806 0 012.247-1.506 1.825 1.825 0 011.324 1.853zm-13.176 0h3.564V9.618H3.641z\"><\/path><path data-name=\"Trac\u00e9 86\" d=\"M.371 1.171a2.5 2.5 0 00-.329.853.287.287 0 00.018-.041 2.741 2.741 0 01.312-.812z\"><\/path><path data-name=\"Trac\u00e9 87\" d=\"M21.547.006c.082 0 .171.006.259.012A2.181 2.181 0 0021.529 0H2.471a2.45 2.45 0 00-.418.035A2.734 2.734 0 012.494 0q9.521 0 19.053.006z\"><\/path><path data-name=\"Trac\u00e9 88\" d=\"M.329 22.759a3.328 3.328 0 01-.253-.635 2.314 2.314 0 00.253.635z\"><\/path><\/g><\/svg><\/a><\/p>\n                            <\/div>\n                                            <\/div>\n                <\/div>\n            <\/div>\n                                <\/div>\n            <\/div>\n    <\/section>","protected":false},"excerpt":{"rendered":"","protected":false},"author":1,"featured_media":0,"parent":0,"menu_order":0,"comment_status":"closed","ping_status":"closed","template":"","meta":{"_acf_changed":false,"inline_featured_image":false,"footnotes":""},"class_list":["post-6","page","type-page","status-publish","hentry"],"acf":[],"_links":{"self":[{"href":"https:\/\/nostromo.fr\/Inea\/wp-json\/wp\/v2\/pages\/6","targetHints":{"allow":["GET"]}}],"collection":[{"href":"https:\/\/nostromo.fr\/Inea\/wp-json\/wp\/v2\/pages"}],"about":[{"href":"https:\/\/nostromo.fr\/Inea\/wp-json\/wp\/v2\/types\/page"}],"author":[{"embeddable":true,"href":"https:\/\/nostromo.fr\/Inea\/wp-json\/wp\/v2\/users\/1"}],"replies":[{"embeddable":true,"href":"https:\/\/nostromo.fr\/Inea\/wp-json\/wp\/v2\/comments?post=6"}],"version-history":[{"count":81,"href":"https:\/\/nostromo.fr\/Inea\/wp-json\/wp\/v2\/pages\/6\/revisions"}],"predecessor-version":[{"id":11855,"href":"https:\/\/nostromo.fr\/Inea\/wp-json\/wp\/v2\/pages\/6\/revisions\/11855"}],"wp:attachment":[{"href":"https:\/\/nostromo.fr\/Inea\/wp-json\/wp\/v2\/media?parent=6"}],"curies":[{"name":"wp","href":"https:\/\/api.w.org\/{rel}","templated":true}]}}