{"id":7496,"date":"2021-01-28T15:11:12","date_gmt":"2021-01-28T14:11:12","guid":{"rendered":"https:\/\/nostromo.fr\/Inea\/?page_id=7496"},"modified":"2023-12-08T13:18:46","modified_gmt":"2023-12-08T12:18:46","slug":"mentions-legales","status":"publish","type":"page","link":"https:\/\/nostromo.fr\/Inea\/mentions-legales\/","title":{"rendered":"Mentions l\u00e9gales"},"content":{"rendered":"<section class=\"block-inea-editor\">\n    <div class=\"container\">\n        <h1>Mentions l\u00e9gales<\/h1>\n<p><strong>Soci\u00e9t\u00e9 \u00e9ditrice :<\/strong>\u00a0FONCIERE INEA, Soci\u00e9t\u00e9 Anonyme<br \/>\n<strong>Si\u00e8ge social : <\/strong>2 place des Hauts Tilliers \u2013 92230 Gennevilliers (420 580 508 RCS Nanterre \/ SIREN : 42058050800026 \/ Code APE : 6430Z \/ Tel: 01 42 86 64 40)<br \/>\n<strong>Directeur de la publication :\u00a0<\/strong>Philippe Rosio<br \/>\n<strong>Responsable \u00e9ditorial :\u00a0<\/strong>Karine Dachary<br \/>\n<strong>Montant capital social :<\/strong>\u00a0156.003.141,19 \u20ac<br \/>\n<strong>H\u00e9bergement :<\/strong>\u00a0OVH, 2 rue Kellermann \u2013 59100 Roubaix \u2013 France ; tel : +33 9 72 10 10 07<\/p>\n<p><strong>Informations figurant sur ce site<\/strong><br \/>\nLes informations diffus\u00e9es sur le site de FONCIERE INEA sont destin\u00e9es \u00e0 renseigner les utilisateurs de celui-ci et sont fournies \u00e0 titre indicatif par le propri\u00e9taire du site. Ce dernier s\u2019efforce d\u2019en contr\u00f4ler l\u2019exactitude et de les maintenir \u00e0 jour. Il ne peut cependant en aucun cas garantir l\u2019exactitude, la pr\u00e9cision, la mise \u00e0 jour et\/ou l\u2019exhaustivit\u00e9 desdites informations, qui ne peuvent en outre pas \u00eatre consid\u00e9r\u00e9es comme contractuelles. Le pr\u00e9sent site peut \u00eatre suspendu, interrompu, rendu indisponible, le tout sans que le propri\u00e9taire de ce site ne puisse en \u00eatre tenu pour responsable. L\u2019utilisateur reconnait utiliser ces informations sous sa responsabilit\u00e9 exclusive.<\/p>\n<p><strong>Droit d\u2019acc\u00e8s, de modification, de rectification et de suppression de l\u2019utilisateur<\/strong><br \/>\nEn utilisant ce site internet, vous serez amen\u00e9 \u00e0 nous communiquer des informations personnelles susceptibles de faire l\u2019objet de traitements automatis\u00e9s. Ces informations seront utilis\u00e9es pour les besoins de la gestion et des actions commerciales de FONCIERE\u00a0INEA, et sont destin\u00e9es aux services marketing et communication. Elles sont conserv\u00e9es pendant 3 ans.<br \/>\nElles pourront \u00eatre communiqu\u00e9es \u00e0 des tiers pour satisfaire aux obligations l\u00e9gales et r\u00e9glementaires, pour l\u2019ex\u00e9cution de travaux confi\u00e9s \u00e0 des prestataires de services ou \u00e0 des fins de prospection commerciale.<br \/>\nL\u2019utilisateur de ce site dispose d\u2019un droit d\u2019acc\u00e8s, de rectification, de mise \u00e0 jour et de suppression des donn\u00e9es le concernant qui seraient inexactes, incompl\u00e8tes, \u00e9quivoques, p\u00e9rim\u00e9es ou dont la collecte, l\u2019utilisation, la communication ou la conservation est interdite (art.40 de la loi \u00a0\u00bb\u00a0Informatique et Libert\u00e9s\u00a0\u00a0\u00bb du 6 janvier 1978 modifi\u00e9e), et ce sur simple demande \u00e9crite (FONCIERE INEA, 21 avenue de l\u2019Op\u00e9ra, Paris 75001) ou en remplissant notre\u00a0<a class=\"open-contact-form\" title=\"Contact\" href=\"#\">formulaire de contact<\/a>.<br \/>\nPour plus d\u2019information sur vos droits, vous pouvez consulter le site\u00a0<a href=\"http:\/\/www.cnil.fr\/\" target=\"_blank\" rel=\"noopener\">http:\/\/www.cnil.fr<\/a><\/p>\n<p><strong>Utilisation des \u00ab cookies \u00bb<\/strong><br \/>\nCe site utilise des cookies qui sont des fichiers stock\u00e9s sur votre ordinateur permettant une facilit\u00e9 d\u2019acc\u00e8s aux services propos\u00e9s. Ceux-ci r\u00e9pondent \u00e0 deux objectifs : faciliter votre utilisation du site en conservant vos saisies pr\u00e9c\u00e9dentes dans certains formulaires ainsi que vos pr\u00e9f\u00e9rences ou vos s\u00e9lections ; recueillir de fa\u00e7on anonyme des informations sur l\u2019utilisation du site Web en vue de l\u2019\u00e9tablissement de statistiques sur le nombre de visiteurs, la fr\u00e9quence de leur retour, les pages lues, etc. et l\u2019adaptation de la structure du site en cons\u00e9quence. La dur\u00e9e de stockage de ces \u00ab cookies \u00bb n\u2019exc\u00e8de pas un an. Vous pouvez vous opposer \u00e0 l\u2019enregistrement de ces cookies en s\u00e9lectionnant les param\u00e8tres appropri\u00e9s de votre navigateur. Il est rappel\u00e9 qu\u2019une telle d\u00e9sactivation peut cependant emp\u00eacher l\u2019utilisation de certaines fonctionnalit\u00e9s de ce site.<\/p>\n<p><strong>Propri\u00e9t\u00e9 intellectuelle<\/strong><br \/>\nL\u2019ensemble de ce site, notamment les images, les textes, les logos, les tableaux, les repr\u00e9sentations iconographiques et photographiques, le nom et la marque FONCIERE INEA ainsi que les documents t\u00e9l\u00e9chargeables du site, rel\u00e8ve de la l\u00e9gislation fran\u00e7aise et internationale sur le droit d\u2019auteur et la propri\u00e9t\u00e9 intellectuelle. La reproduction ou la repr\u00e9sentation de tout ou partie de ce site, sur quel que support que ce soit, est donc formellement interdite sauf accord pr\u00e9alable \u00e9crit du directeur de la publication. N\u00e9anmoins, l\u2019utilisateur peut t\u00e9l\u00e9charger ou imprimer \u00e0 des fins strictement personnelles (sans supprimer les mentions attach\u00e9es au droit d\u2019auteur et au droit de la propri\u00e9t\u00e9 intellectuelle) des documents ou des pages de ce site. Cette op\u00e9ration ne lui conf\u00e8rera cependant aucun droit sur le site de FONCIERE INEA.<\/p>\n<p><strong>Responsabilit\u00e9<\/strong><br \/>\nLe r\u00e9seau Internet n\u2019assurant aucune confidentialit\u00e9 et int\u00e9grit\u00e9 des informations, FONCIERE\u00a0INEA d\u00e9cline toute responsabilit\u00e9 pour tout message transmis par un utilisateur par voie \u00e9lectronique qui serait intercept\u00e9 et\/ou modifi\u00e9. Il en sera de m\u00eame pour toute information, inexactitude ou omission portant sur les informations disponibles sur son site Internet. En outre, toute d\u00e9cision prise sur la foi de ces informations ne peut engager la responsabilit\u00e9 de FONCIERE\u00a0INEA.<br \/>\nEn aucun cas FONCIERE\u00a0INEA ne pourra \u00eatre tenue responsable des dommages directs ou indirects r\u00e9sultant de l\u2019usage de son site web ou d\u2019autres sites qui lui sont li\u00e9s.<\/p>\n<p><strong>Droit applicable<\/strong><br \/>\nLe site et son contenu sont cr\u00e9\u00e9es conform\u00e9ment aux droits et r\u00e8gles applicables en France.<\/p>\n<p><strong>Cr\u00e9dits\u00a0<\/strong><br \/>\nSite Internet :<br \/>\nDesign &amp; Contenu <a title=\"Malherbe Paris\" href=\"http:\/\/malherbe.paris\/\" target=\"_blank\" rel=\"noopener\">Malherbe Paris<\/a><br \/>\nD\u00e9veloppement <a title=\"Let's Clic\" href=\"https:\/\/www.lets-clic.com\/\" target=\"_blank\" rel=\"noopener\">Let&rsquo;s Clic<\/a><\/p>\n    <\/div>\n<\/section>\n\n<section class=\"block-inea-editor\">\n    <div class=\"container\">\n            <\/div>\n<\/section>","protected":false},"excerpt":{"rendered":"","protected":false},"author":1,"featured_media":0,"parent":0,"menu_order":0,"comment_status":"closed","ping_status":"closed","template":"","meta":{"_acf_changed":false,"inline_featured_image":false,"footnotes":""},"class_list":["post-7496","page","type-page","status-publish","hentry"],"acf":[],"_links":{"self":[{"href":"https:\/\/nostromo.fr\/Inea\/wp-json\/wp\/v2\/pages\/7496","targetHints":{"allow":["GET"]}}],"collection":[{"href":"https:\/\/nostromo.fr\/Inea\/wp-json\/wp\/v2\/pages"}],"about":[{"href":"https:\/\/nostromo.fr\/Inea\/wp-json\/wp\/v2\/types\/page"}],"author":[{"embeddable":true,"href":"https:\/\/nostromo.fr\/Inea\/wp-json\/wp\/v2\/users\/1"}],"replies":[{"embeddable":true,"href":"https:\/\/nostromo.fr\/Inea\/wp-json\/wp\/v2\/comments?post=7496"}],"version-history":[{"count":16,"href":"https:\/\/nostromo.fr\/Inea\/wp-json\/wp\/v2\/pages\/7496\/revisions"}],"predecessor-version":[{"id":10735,"href":"https:\/\/nostromo.fr\/Inea\/wp-json\/wp\/v2\/pages\/7496\/revisions\/10735"}],"wp:attachment":[{"href":"https:\/\/nostromo.fr\/Inea\/wp-json\/wp\/v2\/media?parent=7496"}],"curies":[{"name":"wp","href":"https:\/\/api.w.org\/{rel}","templated":true}]}}